{"id":3336,"date":"2023-05-25T16:33:49","date_gmt":"2023-05-25T16:33:49","guid":{"rendered":"http:\/\/parapentegoodfly.com\/1\/?page_id=3336"},"modified":"2023-05-25T16:53:29","modified_gmt":"2023-05-25T16:53:29","slug":"hospedaje","status":"publish","type":"page","link":"https:\/\/parapentegoodfly.co\/?page_id=3336","title":{"rendered":"Hospedaje"},"content":{"rendered":"<p>[vc_row gap=\u00bb35&#8243;][vc_column width=\u00bb2\/3&#8243;][g5element_space spacing=\u00bb30&#8243;][vc_column_text]<\/p>\n<h1>Hospedaje y Restaurante<\/h1>\n<p>[\/vc_column_text][g5element_space spacing=\u00bb30&#8243;][vc_column_text]<span style=\"color: #333333;\">Es una escapada perfecta a una vida campestre, para explorar nuevos estilos de vida y sentir nuevas experiencias. Un ambiente rodeado de naturaleza y tranquilidad, con vista al valle y una pista de aterrizaje de viajes en parapente que lo hacen un lugar \u00fanico y lleno de experiencias.<\/span><\/p>\n<p><span style=\"color: #333333;\">En este acogedor hospedaje, podr\u00e1s encontrar habitaciones semi rusticas, \u00e1reas comunes completamente abiertas, piscina privada y un balc\u00f3n al aire libre que brinda otro espacio para ver el sol caer hacia el valle , en el podr\u00e1s tener una cena rom\u00e1ntica con luces c\u00e1lidas o disfrutar solamente de un incre\u00edble atardecer!<\/span><\/p>\n<p><span style=\"color: #333333;\">Cada espacio y alrededores de la casa del vuelo te proporcionar\u00e1 recuerdos y experiencias que durar\u00e1n toda la vida!<\/span><\/p>\n<p><span style=\"color: #333333;\"><strong>El Servicio Incluye<\/strong><\/span><br \/>\n<span style=\"color: #333333;\">&#x2705; Parqueadero Privado<\/span><br \/>\n<span style=\"color: #333333;\">&#x2705;Uso de las Instalaciones y zonas verdes<\/span><br \/>\n<span style=\"color: #333333;\">&#x2705; Uso de la Piscina y zonas Humedas<\/span><br \/>\n<span style=\"color: #333333;\">&#x2705; WiFi<\/span><br \/>\n<span style=\"color: #333333;\">&#x2705; Seguro de Estadia x seguros Magenta.<\/span><br \/>\n<span style=\"color: #333333;\">Chekk In (ingreso) apartir de las 2 pm<\/span><br \/>\n<span style=\"color: #333333;\">Chek Out (salida) hasta la 1 pm del \u00faltimo dia.<\/span><br \/>\n<span style=\"color: #333333;\">Nota :Una vez entregues la habitaci\u00f3n puedes seguir haciendo uso de las instalaciones.<\/span><\/p>\n<h3><span style=\"color: #333333;\">TARIFAS<\/span><\/h3>\n<p><span style=\"color: #333333;\"><strong>Tarifa por Persona:<\/strong><\/span><br \/>\n<span style=\"color: #333333;\">\u2022 Con desayuno <strong>$95.000 Pesos.<\/strong><\/span><br \/>\n<span style=\"color: #333333;\">\u2022 Con Alimentaci\u00f3n ( Desayuno, almuerzo y comida): $130.000 Pesos.<\/span><\/p>\n<p><span style=\"color: #333333;\"><strong>Tarifa por Pareja (2 Personas):<\/strong><\/span><br \/>\n<span style=\"color: #333333;\">\u2022 Con Alimentaci\u00f3n (Desayuno , almuerzo y Comida): $260.000 Pesos<\/span><br \/>\n<span style=\"color: #333333;\">\u2022 Solo con Desayuno : <strong>$190.000 Pesos<\/strong><\/span>[\/vc_column_text][g5element_space spacing=\u00bb30&#8243;][vc_column_text]<\/p>\n<h4><span style=\"color: #333333;\"><strong>PAQUETE HOSPEDAJE CON CENA ROMANTICA\u00a0<\/strong><\/span><\/h4>\n<p><span style=\"color: #333333;\">\u2013 hospedaje en Dedalos fly house para 2 personas<\/span><\/p>\n<p><span style=\"color: #333333;\">\u2013 alimentaci\u00f3n completa para 2 personas<\/span><br \/>\n<span style=\"color: #333333;\">\u2022\u00a0&#x1f37d;cena especial con plato fuerte y bebida<\/span><br \/>\n<span style=\"color: #333333;\">\u2022desayuno<\/span><br \/>\n<span style=\"color: #333333;\">\u2022almuerzo<\/span><\/p>\n<p><span style=\"color: #333333;\">\u2013 Decoraci\u00f3n opcion 1 : mesa con flores enredaderas colgando de la pared con luces c\u00e1lidas, candelabros, velitas y portaretrato.(enviar fotico)<\/span><\/p>\n<h5><span style=\"color: #333333;\">\u2013 Decoraci\u00f3n opcion 2 con globitos.<\/span><\/h5>\n<p><span style=\"color: #333333;\">Valor del paquete:\u00a0<strong>$424.000<\/strong><\/span><\/p>\n<p><span style=\"color: #333333;\">&#x2705;\u00a0servicio adicional de cuatrimoto las mismas opciones de hospedaje con cena especial + 1 tour en cuatrimoto para 1 parejita<\/span><br \/>\n<span style=\"color: #333333;\">(1 moto)<\/span><\/p>\n<p><span style=\"color: #333333;\">Valor del paquete :<strong>\u00a0634.000<\/strong><\/span><\/p>\n<h5><span style=\"color: #333333;\">con 2 motos:\u00a0<strong>844.000<\/strong><\/span><\/h5>\n<p><span style=\"color: #333333;\">&#x2705;\u00a0servicio adicional de parapente las mismas opciones de hospedaje con cena especial + 1 vuelo en parapente<\/span><\/p>\n<p><span style=\"color: #333333;\">Valor del paquete:\u00a0<strong>579.000<\/strong><\/span><\/p>\n<h5><span style=\"color: #333333;\">Con 2 vuelos<\/span><\/h5>\n<p><span style=\"color: #333333;\">Valor del paquete :\u00a0<strong>724.000<\/strong><\/span><\/p>\n<p><span style=\"color: #333333;\"><img loading=\"lazy\" decoding=\"async\" class=\"alignleft wp-image-3352 \" src=\"http:\/\/parapentegoodfly.com\/1\/wp-content\/uploads\/2023\/05\/3565d884-62bd-4f56-9849-890acd229bfc.jpg\" alt=\"\" width=\"378\" height=\"530\" srcset=\"https:\/\/parapentegoodfly.co\/wp-content\/uploads\/2023\/05\/3565d884-62bd-4f56-9849-890acd229bfc.jpg 914w, https:\/\/parapentegoodfly.co\/wp-content\/uploads\/2023\/05\/3565d884-62bd-4f56-9849-890acd229bfc-214x300.jpg 214w, https:\/\/parapentegoodfly.co\/wp-content\/uploads\/2023\/05\/3565d884-62bd-4f56-9849-890acd229bfc-731x1024.jpg 731w, https:\/\/parapentegoodfly.co\/wp-content\/uploads\/2023\/05\/3565d884-62bd-4f56-9849-890acd229bfc-768x1076.jpg 768w, https:\/\/parapentegoodfly.co\/wp-content\/uploads\/2023\/05\/3565d884-62bd-4f56-9849-890acd229bfc-600x840.jpg 600w\" sizes=\"auto, (max-width: 378px) 100vw, 378px\" \/><\/span>[\/vc_column_text][\/vc_column][vc_column width=\u00bb1\/3&#8243;][vc_gallery type=\u00bbimage_grid\u00bb images=\u00bb3343,3342,3339,3344,3340,3341,3345,3346,3347,3338&#8243; img_size=\u00bbfull\u00bb][\/vc_column][\/vc_row]<\/p>\n","protected":false},"excerpt":{"rendered":"<p>[vc_row gap=\u00bb35&#8243;][vc_column width=\u00bb2\/3&#8243;][g5element_space spacing=\u00bb30&#8243;][vc_column_text] Hospedaje y Restaurante [\/vc_column_text][g5element_space spacing=\u00bb30&#8243;][vc_column_text]Es una escapada perfecta a una vida campestre, para explorar nuevos estilos de vida y sentir nuevas experiencias. Un ambiente rodeado de naturaleza y tranquilidad, con vista al valle y una pista de aterrizaje de viajes en parapente que lo hacen un lugar \u00fanico y lleno de [&hellip;]<\/p>\n","protected":false},"author":1,"featured_media":0,"parent":0,"menu_order":0,"comment_status":"closed","ping_status":"closed","template":"","meta":{"footnotes":""},"class_list":["post-3336","page","type-page","status-publish","hentry"],"_links":{"self":[{"href":"https:\/\/parapentegoodfly.co\/index.php?rest_route=\/wp\/v2\/pages\/3336","targetHints":{"allow":["GET"]}}],"collection":[{"href":"https:\/\/parapentegoodfly.co\/index.php?rest_route=\/wp\/v2\/pages"}],"about":[{"href":"https:\/\/parapentegoodfly.co\/index.php?rest_route=\/wp\/v2\/types\/page"}],"author":[{"embeddable":true,"href":"https:\/\/parapentegoodfly.co\/index.php?rest_route=\/wp\/v2\/users\/1"}],"replies":[{"embeddable":true,"href":"https:\/\/parapentegoodfly.co\/index.php?rest_route=%2Fwp%2Fv2%2Fcomments&post=3336"}],"version-history":[{"count":0,"href":"https:\/\/parapentegoodfly.co\/index.php?rest_route=\/wp\/v2\/pages\/3336\/revisions"}],"wp:attachment":[{"href":"https:\/\/parapentegoodfly.co\/index.php?rest_route=%2Fwp%2Fv2%2Fmedia&parent=3336"}],"curies":[{"name":"wp","href":"https:\/\/api.w.org\/{rel}","templated":true}]}}