{"id":3321,"date":"2023-05-25T15:36:55","date_gmt":"2023-05-25T15:36:55","guid":{"rendered":"http:\/\/parapentegoodfly.com\/1\/?page_id=3321"},"modified":"2023-05-25T15:36:55","modified_gmt":"2023-05-25T15:36:55","slug":"sobre-nosotros","status":"publish","type":"page","link":"https:\/\/parapentegoodfly.co\/?page_id=3321","title":{"rendered":"Sobre Nosotros"},"content":{"rendered":"<p>[vc_row][vc_column offset=\u00bbvc_col-lg-offset-1 vc_col-lg-10 vc_col-md-12&#8243; el_class=\u00bblg-col-pd-left-right-15&#8243; css=\u00bb.vc_custom_1620197640542{padding-right: 85px !important;padding-left: 85px !important;}\u00bb][g5element_space spacing=\u00bb120&#8243; spacing_md=\u00bb80&#8243;][g5element_heading layout_style=\u00bbstyle-02&#8243; title=\u00bbSobre Nosotros\u00bb title_typography=\u00bb%7B%22font_family%22%3A%22%22%2C%22font_weight%22%3A%22%22%2C%22font_style%22%3A%22%22%2C%22font_size_lg%22%3A%2240%22%2C%22font_size_md%22%3A%22%22%2C%22font_size_sm%22%3A%22%22%2C%22font_size_xs%22%3A%2232%22%2C%22align%22%3A%22%22%2C%22text_transform%22%3A%22%22%2C%22line_height%22%3A%221.5%22%2C%22letter_spacing%22%3A%22%22%2C%22color%22%3A%22%22%2C%22hover_color%22%3A%22%22%7D\u00bb][g5element_space spacing=\u00bb38&#8243; spacing_md=\u00bb18&#8243;][vc_column_text css=\u00bb.vc_custom_1685028789488{margin-bottom: 0px !important;}\u00bb]<\/p>\n<h1 class=\"entry-title\"><\/h1>\n<div class=\"entry-content\">\n<p><span style=\"color: #333333;\">Good Fly es una empresa dedicada al turismo aventura, a trav\u00e9s de la practica de Parapente en vuelo libre y en Paramotor (parapente impulsado por motor), ofreciendo as\u00ed una nueva forma de volar, sin ninguna clase de experiencia, disfrutando de los mas bellos paisajes que nos ofrece esta hermosa regi\u00f3n.Conformados por un grupo de pilotos de alta experiencia y gran profesionalismo, con mas de 15 a\u00f1os en el tema del vuelo libre, para asi poder garantizar una de las mas grandiosas experiencias, bajo las mas estrictas normas de seguridad para personas de todas las edades y condiciones f\u00edsicas.<\/span><\/p>\n<h3><span style=\"color: #333333;\"><strong>Misi\u00f3n:<\/strong><\/span><\/h3>\n<p><span style=\"color: #333333;\">Good Fly es una empresa dedicada a la practica de de nuevos e innovadores deportes de aventura, como el Parapente y el Paramotor, que tienen lugar en el departamento del Valle del Cauca, gracias a la gran variedad de aspectos geogr\u00e1ficos presentes, logrando as\u00ed un mayor aprovechamiento de los recursos naturales existentes en la regi\u00f3n, para proporcionar servicios de calidad a todos los practicantes, y desarroll\u00e1ndolos siempre en armon\u00eda con todos los elementos naturales presentes en la Regi\u00f3n.<\/span><\/p>\n<h3><span style=\"color: #333333;\"><strong>Visi\u00f3n:<\/strong><\/span><\/h3>\n<p><span style=\"color: #333333;\">Good Fly impulsara este tipo de deportes de aventura, en la zona de Valle del Cauca, garantizando a todos sus clientes la m\u00e1xima calidad en nuestros servicios, poniendo a disposici\u00f3n de los clientes lo mejor de nuestro talento humano para la practica de estos deportes de aventura, con el fin de mostrar ante el mundo los mas bellos paisajes Colombianos, a trav\u00e9s de actividades alternativas y fuera de lo com\u00fan como lo es el Vuelo Libre y el vuelo en Paramotor.<\/span><\/p>\n<\/div>\n<p>[\/vc_column_text][g5element_space spacing=\u00bb95&#8243; spacing_md=\u00bb75&#8243;][g5element_gallery layout=\u00bbmasonry-2&#8243; images=\u00bb3232,3231,3230,3228,3227,3226,3225,3224,3235,3242,3259,3276,3274,3291,3288&#8243;][\/vc_column][\/vc_row]<\/p>\n","protected":false},"excerpt":{"rendered":"<p>[vc_row][vc_column offset=\u00bbvc_col-lg-offset-1 vc_col-lg-10 vc_col-md-12&#8243; el_class=\u00bblg-col-pd-left-right-15&#8243; css=\u00bb.vc_custom_1620197640542{padding-right: 85px !important;padding-left: 85px !important;}\u00bb][g5element_space spacing=\u00bb120&#8243; spacing_md=\u00bb80&#8243;][g5element_heading layout_style=\u00bbstyle-02&#8243; title=\u00bbSobre Nosotros\u00bb title_typography=\u00bb%7B%22font_family%22%3A%22%22%2C%22font_weight%22%3A%22%22%2C%22font_style%22%3A%22%22%2C%22font_size_lg%22%3A%2240%22%2C%22font_size_md%22%3A%22%22%2C%22font_size_sm%22%3A%22%22%2C%22font_size_xs%22%3A%2232%22%2C%22align%22%3A%22%22%2C%22text_transform%22%3A%22%22%2C%22line_height%22%3A%221.5%22%2C%22letter_spacing%22%3A%22%22%2C%22color%22%3A%22%22%2C%22hover_color%22%3A%22%22%7D\u00bb][g5element_space spacing=\u00bb38&#8243; spacing_md=\u00bb18&#8243;][vc_column_text css=\u00bb.vc_custom_1685028789488{margin-bottom: 0px !important;}\u00bb] Good Fly es una empresa dedicada al turismo aventura, a trav\u00e9s de la practica de Parapente en vuelo libre y en Paramotor (parapente impulsado por motor), ofreciendo as\u00ed una nueva forma de volar, sin [&hellip;]<\/p>\n","protected":false},"author":1,"featured_media":0,"parent":0,"menu_order":0,"comment_status":"closed","ping_status":"closed","template":"","meta":{"footnotes":""},"class_list":["post-3321","page","type-page","status-publish","hentry"],"_links":{"self":[{"href":"https:\/\/parapentegoodfly.co\/index.php?rest_route=\/wp\/v2\/pages\/3321","targetHints":{"allow":["GET"]}}],"collection":[{"href":"https:\/\/parapentegoodfly.co\/index.php?rest_route=\/wp\/v2\/pages"}],"about":[{"href":"https:\/\/parapentegoodfly.co\/index.php?rest_route=\/wp\/v2\/types\/page"}],"author":[{"embeddable":true,"href":"https:\/\/parapentegoodfly.co\/index.php?rest_route=\/wp\/v2\/users\/1"}],"replies":[{"embeddable":true,"href":"https:\/\/parapentegoodfly.co\/index.php?rest_route=%2Fwp%2Fv2%2Fcomments&post=3321"}],"version-history":[{"count":0,"href":"https:\/\/parapentegoodfly.co\/index.php?rest_route=\/wp\/v2\/pages\/3321\/revisions"}],"wp:attachment":[{"href":"https:\/\/parapentegoodfly.co\/index.php?rest_route=%2Fwp%2Fv2%2Fmedia&parent=3321"}],"curies":[{"name":"wp","href":"https:\/\/api.w.org\/{rel}","templated":true}]}}