{"id":3315,"date":"2023-05-25T04:02:57","date_gmt":"2023-05-25T04:02:57","guid":{"rendered":"http:\/\/parapentegoodfly.com\/1\/?page_id=3315"},"modified":"2023-05-25T04:02:57","modified_gmt":"2023-05-25T04:02:57","slug":"curso-de-parapente","status":"publish","type":"page","link":"https:\/\/parapentegoodfly.co\/?page_id=3315","title":{"rendered":"Curso de Parapente"},"content":{"rendered":"<h4><span style=\"color: #333333;\"><i><img loading=\"lazy\" decoding=\"async\" class=\"aligncenter wp-image-3318 size-full\" src=\"http:\/\/parapentegoodfly.com\/1\/wp-content\/uploads\/2023\/05\/LANDING2_5.jpg\" alt=\"\" width=\"1720\" height=\"847\" srcset=\"https:\/\/parapentegoodfly.co\/wp-content\/uploads\/2023\/05\/LANDING2_5.jpg 1720w, https:\/\/parapentegoodfly.co\/wp-content\/uploads\/2023\/05\/LANDING2_5-300x148.jpg 300w, https:\/\/parapentegoodfly.co\/wp-content\/uploads\/2023\/05\/LANDING2_5-1024x504.jpg 1024w, https:\/\/parapentegoodfly.co\/wp-content\/uploads\/2023\/05\/LANDING2_5-768x378.jpg 768w, https:\/\/parapentegoodfly.co\/wp-content\/uploads\/2023\/05\/LANDING2_5-1536x756.jpg 1536w, https:\/\/parapentegoodfly.co\/wp-content\/uploads\/2023\/05\/LANDING2_5-600x295.jpg 600w\" sizes=\"auto, (max-width: 1720px) 100vw, 1720px\" \/><\/i><\/span><\/h4>\n<h4><span style=\"color: #333333;\"><i>Aprende a volar en parapente<\/i><\/span><\/h4>\n<p><span style=\"color: #333333;\"><em>Esta formado por instructores certificados que te mostraran todas las facetas del vuelo Libre para aprender parapente, el<\/em><strong>\u00a0<\/strong>objetivo es proveer a nuestros alumnos los conocimientos y pr\u00e1cticas necesarias que desarrollan nuestros pilotos con base en la seguridad del deporte. En el curso de parapente Juntos desarrollaremos todas las habilidades necesarias para convertirte en un piloto profesional de parapente. el acompa\u00f1amiento profesional de nuestros pilotos instructores comienza con las primeras clases practicas y te\u00f3ricas, tambi\u00e9n ofrecemos cursos de perfeccionamiento y de seguridad e incidencias en vuelo.<\/span><\/p>\n<h4><span style=\"color: #333333;\"><strong>El curso parapente incluye:<\/strong><\/span><\/h4>\n<ul>\n<li><span style=\"color: #333333;\">Asignaci\u00f3n de todos los equipos id\u00f3neos para la practica.<\/span><\/li>\n<li><span style=\"color: #333333;\">Ejecuci\u00f3n de la pr\u00e1ctica durante 40 horas del curso.<\/span><\/li>\n<li><span style=\"color: #333333;\">Material de estudio para que pueda profundizar las fases te\u00f3ricas.<\/span><\/li>\n<li><span style=\"color: #333333;\">Acompa\u00f1amiento del instructor y monitores durante curso.<\/span><\/li>\n<li><span style=\"color: #333333;\">Bit\u00e1cora\u00a0 de horas en vuelo.<\/span><\/li>\n<li><span style=\"color: #333333;\">Membresia de piloto Good fly<\/span><\/li>\n<li><span style=\"color: #333333;\">Gorra y calcomania de la Escuela.<strong>\u00a0<\/strong><\/span><\/li>\n<\/ul>\n<h4><span style=\"color: #333333;\"><strong>El curso de parapente precio es: $4.000.000 COP por persona<\/strong><\/span><\/h4>\n<p><span style=\"color: #333333;\"><strong>\u00a0REQUISITOS:<\/strong><\/span><\/p>\n<ul>\n<li><span style=\"color: #333333;\">Certificado M\u00e9dico<\/span><\/li>\n<li><span style=\"color: #333333;\">Certificado de pertenec\u00eda a eps<\/span><\/li>\n<li><span style=\"color: #333333;\">Documento de identidad.<\/span><\/li>\n<li><span style=\"color: #333333;\">Diligencia de formulario.<\/span><\/li>\n<li><span style=\"color: #333333;\">Realizar el Pago del 50% del valor del curso.<\/span><\/li>\n<li><span style=\"color: #333333;\">En caso de Menores de edad se debe traer la autorizaci\u00f3n de sus padres.<\/span><\/li>\n<\/ul>\n<p><span style=\"color: #333333;\"><em><strong>El curso en Parapente se compone de dos fases:<\/strong><\/em><\/span><\/p>\n<p><span style=\"color: #333333;\"><b>FASE\u00a0<\/b><b>TE\u00d3RICA<\/b><b>:<\/b><\/span><\/p>\n<p><span style=\"color: #333333;\">Durante el curso de iniciaci\u00f3n al Parapente desde la teor\u00eda abordamos temas como:<\/span><\/p>\n<ul>\n<li><span style=\"color: #333333;\">Material de Vuelo<\/span><\/li>\n<li><span style=\"color: #333333;\">Condiciones Meteorol\u00f3gicas<\/span><\/li>\n<li><span style=\"color: #333333;\">Bases de Aerodin\u00e1mica<\/span><\/li>\n<li><span style=\"color: #333333;\">t\u00e9cnicas de vuelo<\/span><\/li>\n<\/ul>\n<p><span style=\"color: #333333;\"><strong>FASE PRACTICA:<\/strong><\/span><\/p>\n<p><span style=\"color: #333333;\">la fase practica es evolutiva dependiendo el proceso de asimilaci\u00f3n y el desarrollo se van haciendo las practicas de tierra, loma 1, loma 2 y loma 3 terminando as\u00ed en el gran vuelo de altura<\/span><\/p>\n<h4><span style=\"color: #333333;\">Estas dos fases se realizan en un promedio de 40 horas de duraci\u00f3n y terminaras con al menos 10 vuelos solo radio dirigidos por tu instructor o monitor a cargo.<\/span><\/h4>\n<p><span style=\"color: #333333;\">Al finalizar el curso se te entrega una certificaci\u00f3n con la cual te afilias a un club reconocido por nuestra Federaci\u00f3n Colombiana de Deportes A\u00e9reos el cual solicita ante esta misma tu\u00a0<b>Certificado de Idoneidad como piloto principiante<\/b>\u00a0en la disciplina de Parapente.<\/span><\/p>\n","protected":false},"excerpt":{"rendered":"<p>Aprende a volar en parapente Esta formado por instructores certificados que te mostraran todas las facetas del vuelo Libre para aprender parapente, el\u00a0objetivo es proveer a nuestros alumnos los conocimientos y pr\u00e1cticas necesarias que desarrollan nuestros pilotos con base en la seguridad del deporte. En el curso de parapente Juntos desarrollaremos todas las habilidades necesarias [&hellip;]<\/p>\n","protected":false},"author":1,"featured_media":0,"parent":0,"menu_order":0,"comment_status":"closed","ping_status":"closed","template":"","meta":{"footnotes":""},"class_list":["post-3315","page","type-page","status-publish","hentry"],"_links":{"self":[{"href":"https:\/\/parapentegoodfly.co\/index.php?rest_route=\/wp\/v2\/pages\/3315","targetHints":{"allow":["GET"]}}],"collection":[{"href":"https:\/\/parapentegoodfly.co\/index.php?rest_route=\/wp\/v2\/pages"}],"about":[{"href":"https:\/\/parapentegoodfly.co\/index.php?rest_route=\/wp\/v2\/types\/page"}],"author":[{"embeddable":true,"href":"https:\/\/parapentegoodfly.co\/index.php?rest_route=\/wp\/v2\/users\/1"}],"replies":[{"embeddable":true,"href":"https:\/\/parapentegoodfly.co\/index.php?rest_route=%2Fwp%2Fv2%2Fcomments&post=3315"}],"version-history":[{"count":0,"href":"https:\/\/parapentegoodfly.co\/index.php?rest_route=\/wp\/v2\/pages\/3315\/revisions"}],"wp:attachment":[{"href":"https:\/\/parapentegoodfly.co\/index.php?rest_route=%2Fwp%2Fv2%2Fmedia&parent=3315"}],"curies":[{"name":"wp","href":"https:\/\/api.w.org\/{rel}","templated":true}]}}