{"id":3280,"date":"2023-05-25T03:14:24","date_gmt":"2023-05-25T03:14:24","guid":{"rendered":"http:\/\/parapentegoodfly.com\/1\/?page_id=3280"},"modified":"2024-07-22T17:21:27","modified_gmt":"2024-07-22T17:21:27","slug":"cuatrimoto-en-cali","status":"publish","type":"page","link":"https:\/\/parapentegoodfly.co\/?page_id=3280","title":{"rendered":"Cuatrimoto en Cali"},"content":{"rendered":"<p>[vc_row gap=\u00bb35&#8243;][vc_column width=\u00bb2\/3&#8243;][g5element_space spacing=\u00bb30&#8243;][vc_column_text]<\/p>\n<h1>Cuatrimoto en Cali<\/h1>\n<p>[\/vc_column_text][g5element_space spacing=\u00bb30&#8243;][vc_column_text]<\/p>\n<h4><span style=\"color: #333333;\"><strong>Tours Extremos en Cuatrimoto<\/strong><\/span><\/h4>\n<p class=\"font_8\"><span style=\"color: #333333;\">Atr\u00e9vete a vivir experiencias nuevas recorriendo en cuatrimoto los caminos rurales del valle del cauca.\u00a0 disfruta de una experiencia \u00fanica acompa\u00f1ada de los mas\u00a0 bellos paisajes que nos ofrece nuestra region, y seras parte de una gran aventura.<\/span><\/p>\n<p class=\"font_8\"><span style=\"color: #333333;\">No se requiere ning\u00fan tipo de experiencia aca te damos las bases para que puedas realizarlo o\u00a0 si eres un piloto experto tampoco te puedes perder esta gran aventura.<\/span><\/p>\n<p class=\"font_8\"><span style=\"color: #333333;\">Nuestros Recorridos en cuatrimoto son trazados por rutas extremas y guiadas a trav\u00e9s de caminos ruralesen el sector del Para\u00edso-Santa Elena, Valle del Cauca, rodeado por los bellos paisajes naturales de esta regi\u00f3n.Tambien contamos con personal capacitado en el manejo de cuatrimotos y del turismo en la zona, as\u00ed como un seguro que ofrece cobertura y asistencia m\u00e9dica a nuestros turista. \u00abNo olvides que un viaje seguro es muy importante\u00bb.<\/span><\/p>\n<p>[\/vc_column_text][g5element_space spacing=\u00bb30&#8243;][vc_column_text]<span style=\"color: #333333;\">Nuestros Tours son realizados por zonas campestres, bosques y ca\u00f1ales en donde encontraremos, terreno escarpados, carreteras destapadas, zonas rocosas, mucho lodo, riveras de Rios y mucho Mas.<\/span><\/p>\n<h5><span style=\"color: #333333;\">INCLUYE<\/span><br \/>\n<span style=\"color: #333333;\">&#x2705; Inducci\u00f3n para conducci\u00f3n de cuatrimotos<\/span><br \/>\n<span style=\"color: #333333;\">&#x2705; Cuatrimotos<\/span><br \/>\n<span style=\"color: #333333;\">&#x2705; P\u00f3liza de Seguro para la aventura<\/span><br \/>\n<span style=\"color: #333333;\">&#x2705; Gu\u00eda Experto de la Regi\u00f3n<\/span><br \/>\n<span style=\"color: #333333;\">&#x2705; Parqueadero privado<\/span><br \/>\n<span style=\"color: #333333;\">&#x2705; Protecciones<\/span><\/h5>\n<p><span style=\"color: #333333;\">Los cilindraje de las motos son variados.<\/span><\/p>\n<p><span style=\"color: #333333;\">NOTA: las motos mecanicas con cambios deben ser conducidas por personas con experiencia en las mismas.<\/span><br \/>\n<span style=\"color: #333333;\">En cada moto puede viajar hasta 2 personas .<\/span><br \/>\n<span style=\"color: #333333;\">pregunta por nuestro paquete cumplea\u00f1ero y enamorados<\/span><\/p>\n<p><strong><span style=\"color: #333333;\">&#x1f530; DURACI\u00d3N<\/span><\/strong><br \/>\n<span style=\"color: #333333;\">El recorrido dura aproxidamente 1 hora<\/span><br \/>\n<strong><span style=\"color: #333333;\">&#x1f530; REQUISITOS* &#x1f9fe;<\/span><\/strong><br \/>\n<span style=\"color: #333333;\">&#x1f505; 1 .tener experiencia en conducir moto<\/span><br \/>\n<span style=\"color: #333333;\">&#x1f505; 2 tener experiencia en conducir moto con cambios y clutch<\/span><br \/>\n<span style=\"color: #333333;\">&#x1f505; 3 ser adulto para conducir el veh\u00edculo<\/span><\/p>\n<h4><span style=\"color: #333333;\">TARIFAS<\/span><br \/>\n<span style=\"color: #333333;\">1 HORA: $230.000 Pesos<\/span><br \/>\n<span style=\"color: #333333;\">2 HORAS: $420.000 Pesos<\/span><\/h4>\n<p>Encuentra mas informacion tambien en nuestra pagina <a href=\"http:\/\/www.cuatrimotoscali.com\">www.cuatrimotoscali.com<\/a><\/p>\n<p>[\/vc_column_text][\/vc_column][vc_column width=\u00bb1\/3&#8243;][vc_gallery type=\u00bbimage_grid\u00bb images=\u00bb3288,3287,3285,3284,3291&#8243; img_size=\u00bbfull\u00bb][\/vc_column][\/vc_row]<\/p>\n","protected":false},"excerpt":{"rendered":"<p>[vc_row gap=\u00bb35&#8243;][vc_column width=\u00bb2\/3&#8243;][g5element_space spacing=\u00bb30&#8243;][vc_column_text] Cuatrimoto en Cali [\/vc_column_text][g5element_space spacing=\u00bb30&#8243;][vc_column_text] Tours Extremos en Cuatrimoto Atr\u00e9vete a vivir experiencias nuevas recorriendo en cuatrimoto los caminos rurales del valle del cauca.\u00a0 disfruta de una experiencia \u00fanica acompa\u00f1ada de los mas\u00a0 bellos paisajes que nos ofrece nuestra region, y seras parte de una gran aventura. No se requiere ning\u00fan [&hellip;]<\/p>\n","protected":false},"author":1,"featured_media":0,"parent":0,"menu_order":0,"comment_status":"closed","ping_status":"closed","template":"","meta":{"footnotes":""},"class_list":["post-3280","page","type-page","status-publish","hentry"],"_links":{"self":[{"href":"https:\/\/parapentegoodfly.co\/index.php?rest_route=\/wp\/v2\/pages\/3280","targetHints":{"allow":["GET"]}}],"collection":[{"href":"https:\/\/parapentegoodfly.co\/index.php?rest_route=\/wp\/v2\/pages"}],"about":[{"href":"https:\/\/parapentegoodfly.co\/index.php?rest_route=\/wp\/v2\/types\/page"}],"author":[{"embeddable":true,"href":"https:\/\/parapentegoodfly.co\/index.php?rest_route=\/wp\/v2\/users\/1"}],"replies":[{"embeddable":true,"href":"https:\/\/parapentegoodfly.co\/index.php?rest_route=%2Fwp%2Fv2%2Fcomments&post=3280"}],"version-history":[{"count":0,"href":"https:\/\/parapentegoodfly.co\/index.php?rest_route=\/wp\/v2\/pages\/3280\/revisions"}],"wp:attachment":[{"href":"https:\/\/parapentegoodfly.co\/index.php?rest_route=%2Fwp%2Fv2%2Fmedia&parent=3280"}],"curies":[{"name":"wp","href":"https:\/\/api.w.org\/{rel}","templated":true}]}}