{"id":3270,"date":"2023-05-25T00:03:10","date_gmt":"2023-05-25T00:03:10","guid":{"rendered":"http:\/\/parapentegoodfly.com\/1\/?page_id=3270"},"modified":"2023-05-25T02:42:43","modified_gmt":"2023-05-25T02:42:43","slug":"paracaidismo-en-cali","status":"publish","type":"page","link":"https:\/\/parapentegoodfly.co\/?page_id=3270","title":{"rendered":"Paracaidismo en Cali"},"content":{"rendered":"<p>[vc_row gap=\u00bb35&#8243;][vc_column width=\u00bb2\/3&#8243;][g5element_space spacing=\u00bb30&#8243;][vc_column_text]<\/p>\n<h1>Paracaidismo en Cali<\/h1>\n<p>[\/vc_column_text][g5element_space spacing=\u00bb30&#8243;][vc_column_text]<span style=\"color: #333333;\">Somos un grupo de practicantes del deporte que realizamos saltos de paraca\u00eddas en cali. Este es una modalidad de deporte extremo\u00a0 que puede ser recreativa o competitiva, que se desarrolla en ciertos lugares ideales para la practica como lo es en el valle del cauca o en Flandes Tolima.<\/span><\/p>\n<h4><span style=\"color: #333333;\">Salto paracaidas en el valle del cauca<\/span><\/h4>\n<p><span style=\"color: #333333;\">Realizamos saltos en cali por mas de 10 a\u00f1os contamos con grandes pilotos practicantes de saltos de paraca\u00eddas de forma recreativa y competitiva en el sector del valle, contamos con equipos modernos y muchos a\u00f1os de experiencia al servicio de los clientes valle caucanos. Utilizamos varias alturas dependiendo la condici\u00f3n clim\u00e1tica utilizando as\u00ed un equipo de paraca\u00eddas lanzado a cierta altura para poder amortiguar su ca\u00edda; esto con el fin recreativo de poder tener la sensaci\u00f3n de \u201cvolar\u201d en forma relativa aun que contin\u00faen cayendo.<\/span><\/p>\n<h4><span style=\"color: #333333;\">Salto tandem para dos personas<\/span><\/h4>\n<p><span style=\"color: #333333;\">Es un salto con un instructor de pura adrenalina que se realiza desde una avioneta, y que puedes experimentar con una ca\u00edda libre a m\u00e1s de 220km\/h disfrutando as\u00ed del maravillosos paisaje del valle del cauca. donde previamente realizamos una capacitaci\u00f3n t\u00e9cnica por parte el instructor con el que saltas conectado a un arn\u00e9s especial. Sube a 10.000 pies de altura y disfruta de una experiencia que dif\u00edcilmente olvidar\u00e1s.<\/span><\/p>\n<h4><span style=\"color: #333333;\">Precios paracaidismo en cali<\/span><\/h4>\n<p><span style=\"color: #333333;\">$ 800.000 mil pesos por persona.<\/span><\/p>\n<p><span style=\"color: #333333;\"><strong>Incluye:<\/strong><\/span><br \/>\n<span style=\"color: #333333;\">\u2022 Vuelo en avioneta hasta 10 mil pies de altura.<\/span><br \/>\n<span style=\"color: #333333;\">\u2022 Instrucciones previas al salto.<\/span><br \/>\n<span style=\"color: #333333;\">\u2022 Equipos certificados<\/span><br \/>\n<span style=\"color: #333333;\">\u2022 Paracaidista experto<\/span><br \/>\n<span style=\"color: #333333;\">\u2022 videos y fotos<\/span><\/p>\n<p><span style=\"color: #333333;\">El salto en paraca\u00eddas es una excelente forma de conocer esta practica y decidir si es lo tuyo, o al menos vivir la experiencia una vez en la vida sin necesidad de un curso previo.<\/span>[\/vc_column_text][g5element_space spacing=\u00bb30&#8243;][\/vc_column][vc_column width=\u00bb1\/3&#8243;][vc_gallery type=\u00bbimage_grid\u00bb images=\u00bb3277,3273,3274,3275,3276&#8243; img_size=\u00bbfull\u00bb][\/vc_column][\/vc_row]<\/p>\n","protected":false},"excerpt":{"rendered":"<p>[vc_row gap=\u00bb35&#8243;][vc_column width=\u00bb2\/3&#8243;][g5element_space spacing=\u00bb30&#8243;][vc_column_text] Paracaidismo en Cali [\/vc_column_text][g5element_space spacing=\u00bb30&#8243;][vc_column_text]Somos un grupo de practicantes del deporte que realizamos saltos de paraca\u00eddas en cali. Este es una modalidad de deporte extremo\u00a0 que puede ser recreativa o competitiva, que se desarrolla en ciertos lugares ideales para la practica como lo es en el valle del cauca o en [&hellip;]<\/p>\n","protected":false},"author":1,"featured_media":0,"parent":0,"menu_order":0,"comment_status":"closed","ping_status":"closed","template":"","meta":{"footnotes":""},"class_list":["post-3270","page","type-page","status-publish","hentry"],"_links":{"self":[{"href":"https:\/\/parapentegoodfly.co\/index.php?rest_route=\/wp\/v2\/pages\/3270","targetHints":{"allow":["GET"]}}],"collection":[{"href":"https:\/\/parapentegoodfly.co\/index.php?rest_route=\/wp\/v2\/pages"}],"about":[{"href":"https:\/\/parapentegoodfly.co\/index.php?rest_route=\/wp\/v2\/types\/page"}],"author":[{"embeddable":true,"href":"https:\/\/parapentegoodfly.co\/index.php?rest_route=\/wp\/v2\/users\/1"}],"replies":[{"embeddable":true,"href":"https:\/\/parapentegoodfly.co\/index.php?rest_route=%2Fwp%2Fv2%2Fcomments&post=3270"}],"version-history":[{"count":0,"href":"https:\/\/parapentegoodfly.co\/index.php?rest_route=\/wp\/v2\/pages\/3270\/revisions"}],"wp:attachment":[{"href":"https:\/\/parapentegoodfly.co\/index.php?rest_route=%2Fwp%2Fv2%2Fmedia&parent=3270"}],"curies":[{"name":"wp","href":"https:\/\/api.w.org\/{rel}","templated":true}]}}