{"id":3257,"date":"2023-05-24T23:54:36","date_gmt":"2023-05-24T23:54:36","guid":{"rendered":"http:\/\/parapentegoodfly.com\/1\/?page_id=3257"},"modified":"2023-05-24T23:57:53","modified_gmt":"2023-05-24T23:57:53","slug":"vuelos-en-paratrike-en-cali","status":"publish","type":"page","link":"https:\/\/parapentegoodfly.co\/?page_id=3257","title":{"rendered":"Vuelos en Paratrike en Cali"},"content":{"rendered":"<p>[vc_row gap=\u00bb35&#8243;][vc_column width=\u00bb2\/3&#8243;][g5element_space spacing=\u00bb30&#8243;][vc_column_text]<\/p>\n<h1>Paratrike en Cali<\/h1>\n<p>[\/vc_column_text][g5element_space spacing=\u00bb30&#8243;][vc_single_image image=\u00bb3262&#8243; img_size=\u00bbfull\u00bb][vc_column_text]<\/p>\n<h4>Parapente con motor en el valle del cauca<\/h4>\n<p>El paratrike es una aeronave conformada por una estructura aerodin\u00e1mica que consta de un motor y un parapente, este moderno artefacto es un veh\u00edculo que puede despegar de la tierra con el impulso del motor, generando as\u00ed un impulso que le permite al parapente sustentarse y poder elevarse, a diferencia del parapente que necesita la altura de una monta\u00f1a para poder volar.<\/p>\n<h4>Paratrike precio Cali : $200.000<\/h4>\n<p><strong>INCLUYE:<\/strong><\/p>\n<ul>\n<li>Breve inducci\u00f3n al vuelo.<\/li>\n<li>Vuelo en paramotor de 20 minutos en el aire acompa\u00f1ado de instructor experto.<\/li>\n<li>registro fotografico con c\u00e1mara GoPro.<\/li>\n<li>Log\u00edstica.<\/li>\n<li>Transporte en la zona de vuelo.<\/li>\n<\/ul>\n<p><strong>Valor del Vuelo en Paramotor: $ 200.000 COP por persona<\/strong><\/p>\n<h4>Volar en paratrike en el valle del cauca<\/h4>\n<p>Los vuelos en parapente comerciales han crecido en aumento en la poblaci\u00f3n valle caucana por esta raz\u00f3n decidimos vincular una nueva manera similar al parapente pero esta vez impulsado por un motor que ayuda a mantener al parapente en el aire ideal para sobre volar ciudades pueblos y con la posibilidad tambi\u00e9n de hacer publicidad a\u00e9rea con paramotor, brindando as\u00ed un mayor servicio a nuestros clientes.[\/vc_column_text][g5element_space spacing=\u00bb30&#8243;][\/vc_column][vc_column width=\u00bb1\/3&#8243;][vc_gallery type=\u00bbimage_grid\u00bb images=\u00bb3261,3259,3260,3268&#8243; img_size=\u00bbfull\u00bb][\/vc_column][\/vc_row]<\/p>\n","protected":false},"excerpt":{"rendered":"<p>[vc_row gap=\u00bb35&#8243;][vc_column width=\u00bb2\/3&#8243;][g5element_space spacing=\u00bb30&#8243;][vc_column_text] Paratrike en Cali [\/vc_column_text][g5element_space spacing=\u00bb30&#8243;][vc_single_image image=\u00bb3262&#8243; img_size=\u00bbfull\u00bb][vc_column_text] Parapente con motor en el valle del cauca El paratrike es una aeronave conformada por una estructura aerodin\u00e1mica que consta de un motor y un parapente, este moderno artefacto es un veh\u00edculo que puede despegar de la tierra con el impulso del motor, generando [&hellip;]<\/p>\n","protected":false},"author":1,"featured_media":0,"parent":0,"menu_order":0,"comment_status":"closed","ping_status":"closed","template":"","meta":{"footnotes":""},"class_list":["post-3257","page","type-page","status-publish","hentry"],"_links":{"self":[{"href":"https:\/\/parapentegoodfly.co\/index.php?rest_route=\/wp\/v2\/pages\/3257","targetHints":{"allow":["GET"]}}],"collection":[{"href":"https:\/\/parapentegoodfly.co\/index.php?rest_route=\/wp\/v2\/pages"}],"about":[{"href":"https:\/\/parapentegoodfly.co\/index.php?rest_route=\/wp\/v2\/types\/page"}],"author":[{"embeddable":true,"href":"https:\/\/parapentegoodfly.co\/index.php?rest_route=\/wp\/v2\/users\/1"}],"replies":[{"embeddable":true,"href":"https:\/\/parapentegoodfly.co\/index.php?rest_route=%2Fwp%2Fv2%2Fcomments&post=3257"}],"version-history":[{"count":0,"href":"https:\/\/parapentegoodfly.co\/index.php?rest_route=\/wp\/v2\/pages\/3257\/revisions"}],"wp:attachment":[{"href":"https:\/\/parapentegoodfly.co\/index.php?rest_route=%2Fwp%2Fv2%2Fmedia&parent=3257"}],"curies":[{"name":"wp","href":"https:\/\/api.w.org\/{rel}","templated":true}]}}