{"id":3221,"date":"2023-05-24T23:01:28","date_gmt":"2023-05-24T23:01:28","guid":{"rendered":"http:\/\/parapentegoodfly.com\/1\/?page_id=3221"},"modified":"2024-08-29T21:16:31","modified_gmt":"2024-08-29T21:16:31","slug":"parapente-en-cali","status":"publish","type":"page","link":"https:\/\/parapentegoodfly.co\/?page_id=3221","title":{"rendered":"Parapente en Cali Good Fly"},"content":{"rendered":"<p>[vc_row gap=\u00bb35&#8243;][vc_column width=\u00bb2\/3&#8243;][g5element_space spacing=\u00bb30&#8243;][vc_column_text]<\/p>\n<h1>Parapente en Cali Good Fly<\/h1>\n<p>[\/vc_column_text][g5element_space spacing=\u00bb30&#8243;][vc_column_text css_animation=\u00bbfadeIn\u00bb animation_duration=\u00bb5&#8243;]<span style=\"color: #333333;\"><em><strong>\u00abDESCUBRE POR QUE LOS PAJAROS CANTAN\u00bb\u00a0<\/strong><\/em><\/span><\/p>\n<p>Contempla la majestuosa belleza del valle del cauca volando por los cielos y disfrutando de la maravillosa sensaci\u00f3n de ser libre como las aves.<\/p>\n<p><img loading=\"lazy\" decoding=\"async\" class=\"wp-image-3459 aligncenter\" src=\"https:\/\/parapentegoodfly.co\/wp-content\/uploads\/2023\/09\/7A18A95F-4CA9-46AD-A3B3-86B57A3A89FD-241x300.jpg\" alt=\"\" width=\"300\" height=\"374\" srcset=\"https:\/\/parapentegoodfly.co\/wp-content\/uploads\/2023\/09\/7A18A95F-4CA9-46AD-A3B3-86B57A3A89FD-241x300.jpg 241w, https:\/\/parapentegoodfly.co\/wp-content\/uploads\/2023\/09\/7A18A95F-4CA9-46AD-A3B3-86B57A3A89FD-821x1024.jpg 821w, https:\/\/parapentegoodfly.co\/wp-content\/uploads\/2023\/09\/7A18A95F-4CA9-46AD-A3B3-86B57A3A89FD-768x957.jpg 768w, https:\/\/parapentegoodfly.co\/wp-content\/uploads\/2023\/09\/7A18A95F-4CA9-46AD-A3B3-86B57A3A89FD-1232x1536.jpg 1232w, https:\/\/parapentegoodfly.co\/wp-content\/uploads\/2023\/09\/7A18A95F-4CA9-46AD-A3B3-86B57A3A89FD-600x748.jpg 600w, https:\/\/parapentegoodfly.co\/wp-content\/uploads\/2023\/09\/7A18A95F-4CA9-46AD-A3B3-86B57A3A89FD.jpg 1440w\" sizes=\"auto, (max-width: 300px) 100vw, 300px\" \/><\/p>\n<h4>Donde hacer parapente en Cali?<\/h4>\n<p>Uno de los mejores lugares para hacer parapente es cerca a santa Elena a solo 45 minutos de Cali. Donde contamos con sede propia en el lugar del aterrizaje oficial \u201cRestaurante Dedalos\u201c a 2 km de la \u201chacienda la mar\u00eda\u201d.[\/vc_column_text][g5element_space spacing=\u00bb30&#8243;][vc_column_text]<\/p>\n<h4><span style=\"color: #339966;\">Como puedo reservar?<\/span><\/h4>\n<p><span style=\"color: #333333;\">Puedes reservar tus vuelos en parapente con un tiempo m\u00ednimo de 1 d\u00eda de antelaci\u00f3n, a este<\/span><span style=\"color: #333333;\">\u00a0numero de cuenta: <strong>185-917903-54<\/strong> de Ahorros Bancolombia. a nombre de Danilo Narvaez.<\/span><\/p>\n<h4><span style=\"color: #333333;\">Parapente precio por persona:<\/span><\/h4>\n<h5>Antes:$<del>200.000<\/del> Ahora: $ 180.000<\/h5>\n<p>&nbsp;<\/p>\n<ul>\n<li><strong>INCLUYE<\/strong><\/li>\n<\/ul>\n<ol>\n<li><span style=\"color: #333333;\">Ingreso gratis a sede campestre \u00abDEDALOS\u00bb\u00a0<\/span><\/li>\n<li><span style=\"color: #333333;\">Parqueadero exclusivo clientes Good fly $<del>5.000<\/del><\/span><\/li>\n<li><span style=\"color: #333333;\">Ingreso gratis a piscina en sede DEDALOS $<del>15.000<\/del><\/span><\/li>\n<li><span style=\"color: #333333;\">Transporte en la zona de vuelo en camionetas 4\u00d74.<\/span><\/li>\n<li><span style=\"color: #333333;\">Charla t\u00e9cnica por instructores en el lugar de despegue y preparaci\u00f3n de equipos. <\/span><\/li>\n<li><span style=\"color: #333333;\">Vuelo en parapente de aprox. 15 a 20 min dependiendo condici\u00f3n clim\u00e1tica. <\/span><\/li>\n<li><span style=\"color: #333333;\">Archivos digitales con c\u00e1maras GoPro con entrega al instante.<\/span><\/li>\n<li><span style=\"color: #333333;\">Reclama tu limonada de la casa en nuestra sede campestre<\/span><\/li>\n<li><span style=\"color: #333333;\">Obsequio recuerdo pasajero Good fly.<\/span><\/li>\n<\/ol>\n<p><span style=\"color: #333333;\"><strong>Parapente en Cali Good Fly:\u00a0<\/strong>esta formada por pilotos con mas de 20 a\u00f1os de experiencia certificados por la\u00a0<strong>FAI.<\/strong>\u00a0tambi\u00e9n contamos con pilotos de nivel competitivo actualmente en los primeros puestos del ranking nacional.<\/span><\/p>\n<h5>Info y reservas: <a href=\"tel:3172866711\">3172866711<\/a> &#8211; <a href=\"tel:3177203011\">3177203011<\/a><\/h5>\n<p><span style=\"color: #333333;\"><em>Conoce tambi\u00e9n nuestros nuevos servicios de parapente con motor y paquetes de<b>\u00a0<\/b><a style=\"color: #333333;\" href=\"https:\/\/parapenteencali.com\/parapente-para-parejas\/\"><strong>Ocaciones especiales<\/strong><\/a><\/em><\/span><\/p>\n<p>Tambien puesdes encontrar mas informacion en nuestra pagina\u00a0<a href=\"http:\/\/www.parapenteencali.com\">http:\/\/www.parapenteencali.com<\/a><\/p>\n<p><span style=\"color: #333333;\"><em><strong><b>Nota:\u00a0<\/b><\/strong>se recomienda traer ropa c\u00f3moda\u00a0y zapato cerrado para realizar la actividad<\/em><\/span><\/p>\n<p><span style=\"color: #333333;\"><em><strong>El parapente:<\/strong><\/em>\u00a0es un planeador que no necesita de un motor para ser impulsado, solo se requiere de situarnos en las pendientes de nuestras monta\u00f1as para realizar esta pr\u00e1ctica, dando as\u00ed el paso decisivo entre el cielo y la tierra, donde podemos acceder a un mundo distinto en que el parapente vuela con las aves, y este a su vez se sustenta aprovechando la condiciones clim\u00e1ticas, para as\u00ed poder disfrutar del vuelo libre sobre los hermosos paisajes del Valle del Cauca.<\/span><\/p>\n<p><span style=\"color: #333333;\"><b>\u00ab<\/b><strong><em>El poder de tus\u00a0decisiones te cambiara la vida\u00bb\u00a0<\/em><\/strong><\/span>[\/vc_column_text][vc_raw_html responsive=\u00bbvc_hidden-sm vc_hidden-xs\u00bb]JTNDaWZyYW1lJTIwd2lkdGglM0QlMjI3MjAlMjIlMjBoZWlnaHQlM0QlMjIzNjUlMjIlMjBzcmMlM0QlMjJodHRwcyUzQSUyRiUyRnd3dy55b3V0dWJlLmNvbSUyRmVtYmVkJTJGRVZKLWlPZlpuWWslMjIlMjB0aXRsZSUzRCUyMllvdVR1YmUlMjB2aWRlbyUyMHBsYXllciUyMiUyMGZyYW1lYm9yZGVyJTNEJTIyMCUyMiUyMGFsbG93JTNEJTIyYWNjZWxlcm9tZXRlciUzQiUyMGF1dG9wbGF5JTNCJTIwY2xpcGJvYXJkLXdyaXRlJTNCJTIwZW5jcnlwdGVkLW1lZGlhJTNCJTIwZ3lyb3Njb3BlJTNCJTIwcGljdHVyZS1pbi1waWN0dXJlJTNCJTIwd2ViLXNoYXJlJTIyJTIwYWxsb3dmdWxsc2NyZWVuJTNFJTNDJTJGaWZyYW1lJTNF[\/vc_raw_html][vc_raw_html responsive=\u00bbvc_hidden-sm vc_hidden-xs\u00bb]JTNDaWZyYW1lJTIwd2lkdGglM0QlMjI3MjAlMjIlMjBoZWlnaHQlM0QlMjIzNjUlMjIlMjBzcmMlM0QlMjJodHRwcyUzQSUyRiUyRnd3dy55b3V0dWJlLmNvbSUyRmVtYmVkJTJGNjU5dDBld2ZrVUklMjIlMjB0aXRsZSUzRCUyMllvdVR1YmUlMjB2aWRlbyUyMHBsYXllciUyMiUyMGZyYW1lYm9yZGVyJTNEJTIyMCUyMiUyMGFsbG93JTNEJTIyYWNjZWxlcm9tZXRlciUzQiUyMGF1dG9wbGF5JTNCJTIwY2xpcGJvYXJkLXdyaXRlJTNCJTIwZW5jcnlwdGVkLW1lZGlhJTNCJTIwZ3lyb3Njb3BlJTNCJTIwcGljdHVyZS1pbi1waWN0dXJlJTNCJTIwd2ViLXNoYXJlJTIyJTIwYWxsb3dmdWxsc2NyZWVuJTNFJTNDJTJGaWZyYW1lJTNF[\/vc_raw_html][g5element_space spacing=\u00bb30&#8243;][vc_column_text]<\/p>\n<h4><span style=\"color: #333333;\"><img loading=\"lazy\" decoding=\"async\" class=\"alignleft\" src=\"https:\/\/cuatriaventura.co\/1\/wp-content\/uploads\/2022\/06\/InShot_20220525_111141172-scaled.jpg\" width=\"284\" height=\"426\" \/>PAQUETE CUMPLEA\u00d1ERO<\/span><\/h4>\n<p><span style=\"color: #333333;\">PAQUETE CUMPLEA\u00d1ERO Y ENAMORADOS &#x1f38a;&#x1f382;&#x1f388;<\/span><br \/>\n<span style=\"color: #333333;\">&#x2705; 1 vuelo en parapente (para 1 persona con instructor)<\/span><br \/>\n<span style=\"color: #333333;\">&#x2705; Letrero gigante en la zona de aterrizaje (m\u00e1ximo 20 letras)<\/span><br \/>\n<span style=\"color: #333333;\">&#x2705; Decoraci\u00f3n de mesa con globitos y cristales<\/span><br \/>\n<span style=\"color: #333333;\">&#x2705; Obsequio Good Fly<\/span><\/p>\n<p><strong><span style=\"color: #333333;\">Valor del paquete $299.000<\/span><\/strong><br \/>\n<span style=\"color: #333333;\">PAQUETE COMPARTIDO (incluye los mismos servicios + 1 vuelo adicional)<strong> $450.000Pesos<\/strong><\/span><\/p>\n<p><span style=\"color: #333333;\"><strong>NOTA: <\/strong>este paquete es para la recepci\u00f3n de 2 personas.<\/span><br \/>\n<span style=\"color: #333333;\">Si son m\u00e1s de 2 personas la decoraci\u00f3n cambiar\u00eda de locaci\u00f3n y de dise\u00f1o. ( se realizar\u00eda en la parte del restaurante)<\/span><\/p>\n<p>&nbsp;<\/p>\n<h2><span style=\"color: #333333;\">SERVICIOS ADICIONALES<\/span><\/h2>\n<h4><strong><span style=\"color: #333333;\">LETRERO EN EL ATERRIZAJE<\/span><\/strong><br \/>\n<span style=\"color: #333333;\"><strong><img loading=\"lazy\" decoding=\"async\" class=\"alignleft\" src=\"https:\/\/cuatriaventura.co\/1\/wp-content\/uploads\/2021\/04\/20200913_081627-1.jpg\" width=\"271\" height=\"200\" \/><\/strong><\/span><\/h4>\n<p><span style=\"color: #333333;\">Sorprende a esa persona especial de una manera \u00fanica y genuina con un letrero gigante en el aterrizaje con letras blancas en tela y corazones rojos donde podr\u00e1s colocar el mensaje que desees dedicar.<br \/>\n<\/span><br \/>\n<span style=\"color: #333333;\">El mensaje contiene 20 letras<\/span><br \/>\n<span style=\"color: #333333;\">Valor x letra adicinal: 2.000<\/span><br \/>\n<strong><span style=\"color: #333333;\">VALOR: 70.000 COP<\/span><\/strong>[\/vc_column_text][vc_column_text]<\/p>\n<h3><span style=\"color: #333333;\"><strong style=\"font-family: var(--g5-font-primary); color: #333333; font-size: 36px;\"><img loading=\"lazy\" decoding=\"async\" class=\"wp-image-3402 alignright\" src=\"https:\/\/parapentegoodfly.com\/1\/wp-content\/uploads\/2023\/06\/GPTempDownload-69-168x300.jpg\" alt=\"\" width=\"204\" height=\"364\" srcset=\"https:\/\/parapentegoodfly.co\/wp-content\/uploads\/2023\/06\/GPTempDownload-69-168x300.jpg 168w, https:\/\/parapentegoodfly.co\/wp-content\/uploads\/2023\/06\/GPTempDownload-69-574x1024.jpg 574w, https:\/\/parapentegoodfly.co\/wp-content\/uploads\/2023\/06\/GPTempDownload-69-768x1369.jpg 768w, https:\/\/parapentegoodfly.co\/wp-content\/uploads\/2023\/06\/GPTempDownload-69-862x1536.jpg 862w, https:\/\/parapentegoodfly.co\/wp-content\/uploads\/2023\/06\/GPTempDownload-69-1149x2048.jpg 1149w, https:\/\/parapentegoodfly.co\/wp-content\/uploads\/2023\/06\/GPTempDownload-69-600x1070.jpg 600w, https:\/\/parapentegoodfly.co\/wp-content\/uploads\/2023\/06\/GPTempDownload-69-scaled.jpg 1436w\" sizes=\"auto, (max-width: 204px) 100vw, 204px\" \/><\/strong><\/span>FOTOS Y VIDEOS EN 360<\/h3>\n<p><span style=\"color: #333333;\">Quieres Vivir la experiencia de Volar por los Aires\u2026 Pero ahora podr\u00e1s llevar tu Recuerdo de una Manera Novedosa e incre\u00edble, con Nuestro nuevo servicio de Fotos Y Videos en Formato 360* con Nuestras nuevas C\u00e1maras GoPro.<\/span><\/p>\n<p><span style=\"color: #333333;\"><strong>El Paquete incluye :<\/strong><\/span><br \/>\n<span style=\"color: #333333;\"><strong>\u202210 Fotos Editadas en Formato 360*<\/strong><\/span><br \/>\n<span style=\"color: #333333;\"><strong>\u2022 2 Videos 360* Editados.<\/strong><\/span><\/p>\n<p><span style=\"color: #333333;\">Todos los archivos se env\u00edan por Email o Wetransfer<\/span><\/p>\n<h4><span style=\"color: #333333;\">VALOR:\u00a0<strong>50.000 COP<\/strong><\/span><\/h4>\n<p>[\/vc_column_text][\/vc_column][vc_column width=\u00bb1\/3&#8243;][vc_gallery type=\u00bbimage_grid\u00bb images=\u00bb3226,3225,3232,3231,3228,3236&#8243; img_size=\u00bbfull\u00bb][\/vc_column][\/vc_row]<\/p>\n","protected":false},"excerpt":{"rendered":"<p>[vc_row gap=\u00bb35&#8243;][vc_column width=\u00bb2\/3&#8243;][g5element_space spacing=\u00bb30&#8243;][vc_column_text] Parapente en Cali Good Fly [\/vc_column_text][g5element_space spacing=\u00bb30&#8243;][vc_column_text css_animation=\u00bbfadeIn\u00bb animation_duration=\u00bb5&#8243;]\u00abDESCUBRE POR QUE LOS PAJAROS CANTAN\u00bb\u00a0 Contempla la majestuosa belleza del valle del cauca volando por los cielos y disfrutando de la maravillosa sensaci\u00f3n de ser libre como las aves. Donde hacer parapente en Cali? Uno de los mejores lugares para hacer parapente [&hellip;]<\/p>\n","protected":false},"author":1,"featured_media":0,"parent":0,"menu_order":0,"comment_status":"closed","ping_status":"closed","template":"","meta":{"footnotes":""},"class_list":["post-3221","page","type-page","status-publish","hentry"],"_links":{"self":[{"href":"https:\/\/parapentegoodfly.co\/index.php?rest_route=\/wp\/v2\/pages\/3221","targetHints":{"allow":["GET"]}}],"collection":[{"href":"https:\/\/parapentegoodfly.co\/index.php?rest_route=\/wp\/v2\/pages"}],"about":[{"href":"https:\/\/parapentegoodfly.co\/index.php?rest_route=\/wp\/v2\/types\/page"}],"author":[{"embeddable":true,"href":"https:\/\/parapentegoodfly.co\/index.php?rest_route=\/wp\/v2\/users\/1"}],"replies":[{"embeddable":true,"href":"https:\/\/parapentegoodfly.co\/index.php?rest_route=%2Fwp%2Fv2%2Fcomments&post=3221"}],"version-history":[{"count":0,"href":"https:\/\/parapentegoodfly.co\/index.php?rest_route=\/wp\/v2\/pages\/3221\/revisions"}],"wp:attachment":[{"href":"https:\/\/parapentegoodfly.co\/index.php?rest_route=%2Fwp%2Fv2%2Fmedia&parent=3221"}],"curies":[{"name":"wp","href":"https:\/\/api.w.org\/{rel}","templated":true}]}}